{"id":42,"date":"2021-05-08T21:46:32","date_gmt":"2021-05-08T19:46:32","guid":{"rendered":"https:\/\/bestdayevleipzig.wordpress.com\/?page_id=5"},"modified":"2023-06-23T13:41:26","modified_gmt":"2023-06-23T11:41:26","slug":"about","status":"publish","type":"page","link":"https:\/\/bestdayev.de\/bestdayev\/about\/","title":{"rendered":"\u00dcber uns"},"content":{"rendered":"\n<figure class=\"wp-block-image aligncenter size-full is-resized\"><img decoding=\"async\" src=\"https:\/\/bestdayev.de\/bestdayev\/wp-content\/uploads\/2023\/06\/3dlogostroke1.png\" alt=\"\" class=\"wp-image-817\" width=\"330\" height=\"331\" srcset=\"https:\/\/bestdayev.de\/bestdayev\/wp-content\/uploads\/2023\/06\/3dlogostroke1.png 879w, https:\/\/bestdayev.de\/bestdayev\/wp-content\/uploads\/2023\/06\/3dlogostroke1-300x300.png 300w, https:\/\/bestdayev.de\/bestdayev\/wp-content\/uploads\/2023\/06\/3dlogostroke1-150x150.png 150w, https:\/\/bestdayev.de\/bestdayev\/wp-content\/uploads\/2023\/06\/3dlogostroke1-768x771.png 768w\" sizes=\"(max-width: 330px) 100vw, 330px\" \/><\/figure>\n\n\n\n<p>Wir sind der gemeinn\u00fctzige Best Day e.V. mit Sitz im Leipziger Osten. Hier organisieren wir Lesungen, Performances, Jam-Sessions, Film-Abende und Ausstellungen. <\/p>\n\n\n\n<p>Unser Anspruch ist es, den Zugang zu gesellschaftlicher und sozialer Teilhabe sowie politischer Mitsprache niedrigschwellig \u00fcber kulturelle Angebote zu erm\u00f6glichen. Neben unserem offenen Plenum geschieht dies in Form von Workshops mit Jugendlichen aus dem Viertel, offenen Ausstellungsfl\u00e4chen f\u00fcr K\u00fcnstler*innen oder in unserem kostenlosen Deutschkurs.<\/p>\n\n\n\n<p><\/p>\n","protected":false},"excerpt":{"rendered":"<p>Wir sind der gemeinn\u00fctzige Best Day e.V. mit Sitz im Leipziger Osten. Hier organisieren wir Lesungen, Performances, Jam-Sessions, Film-Abende und Ausstellungen. Unser Anspruch ist es, den Zugang zu gesellschaftlicher und sozialer Teilhabe sowie politischer Mitsprache niedrigschwellig \u00fcber kulturelle Angebote zu erm\u00f6glichen. Neben unserem offenen Plenum geschieht dies in Form von Workshops mit Jugendlichen aus dem Viertel, offenen Ausstellungsfl\u00e4chen f\u00fcr K\u00fcnstler*innen oder in unserem kostenlosen Deutschkurs.<\/p>\n","protected":false},"author":1,"featured_media":0,"parent":0,"menu_order":0,"comment_status":"closed","ping_status":"closed","template":"","meta":{"advgb_blocks_editor_width":"","advgb_blocks_columns_visual_guide":"","cybocfi_hide_featured_image":"","footnotes":""},"class_list":["post-42","page","type-page","status-publish","hentry"],"blocksy_meta":"","coauthors":[],"author_meta":{"author_link":"https:\/\/bestdayev.de\/bestdayev\/author\/admin\/","display_name":"admin"},"relative_dates":{"created":"Posted 5\u00a0Jahren ago","modified":"Updated 3\u00a0Jahren ago"},"absolute_dates":{"created":"Posted on 8. Mai 2021","modified":"Updated on 23. Juni 2023"},"absolute_dates_time":{"created":"Posted on 8. Mai 2021 21:46","modified":"Updated on 23. Juni 2023 13:41"},"featured_img_caption":"","featured_img":false,"series_order":"","_links":{"self":[{"href":"https:\/\/bestdayev.de\/bestdayev\/wp-json\/wp\/v2\/pages\/42","targetHints":{"allow":["GET"]}}],"collection":[{"href":"https:\/\/bestdayev.de\/bestdayev\/wp-json\/wp\/v2\/pages"}],"about":[{"href":"https:\/\/bestdayev.de\/bestdayev\/wp-json\/wp\/v2\/types\/page"}],"author":[{"embeddable":true,"href":"https:\/\/bestdayev.de\/bestdayev\/wp-json\/wp\/v2\/users\/1"}],"replies":[{"embeddable":true,"href":"https:\/\/bestdayev.de\/bestdayev\/wp-json\/wp\/v2\/comments?post=42"}],"version-history":[{"count":38,"href":"https:\/\/bestdayev.de\/bestdayev\/wp-json\/wp\/v2\/pages\/42\/revisions"}],"predecessor-version":[{"id":818,"href":"https:\/\/bestdayev.de\/bestdayev\/wp-json\/wp\/v2\/pages\/42\/revisions\/818"}],"wp:attachment":[{"href":"https:\/\/bestdayev.de\/bestdayev\/wp-json\/wp\/v2\/media?parent=42"}],"curies":[{"name":"wp","href":"https:\/\/api.w.org\/{rel}","templated":true}]}}