{"id":249,"date":"2022-10-15T13:15:34","date_gmt":"2022-10-15T11:15:34","guid":{"rendered":"https:\/\/bestdayev.de\/bestdayev\/?page_id=249"},"modified":"2023-06-05T23:44:57","modified_gmt":"2023-06-05T21:44:57","slug":"anfrage","status":"publish","type":"page","link":"https:\/\/bestdayev.de\/bestdayev\/anfrage\/","title":{"rendered":"Anfrage"},"content":{"rendered":"\n<figure class=\"wp-block-image aligncenter size-large is-resized\"><img decoding=\"async\" src=\"https:\/\/bestdayev.de\/bestdayev\/wp-content\/uploads\/2023\/06\/penx-1024x691.png\" alt=\"\" class=\"wp-image-781\" width=\"512\" height=\"346\" srcset=\"https:\/\/bestdayev.de\/bestdayev\/wp-content\/uploads\/2023\/06\/penx-1024x691.png 1024w, https:\/\/bestdayev.de\/bestdayev\/wp-content\/uploads\/2023\/06\/penx-300x202.png 300w, https:\/\/bestdayev.de\/bestdayev\/wp-content\/uploads\/2023\/06\/penx-768x518.png 768w, https:\/\/bestdayev.de\/bestdayev\/wp-content\/uploads\/2023\/06\/penx-1536x1036.png 1536w, https:\/\/bestdayev.de\/bestdayev\/wp-content\/uploads\/2023\/06\/penx.png 1892w\" sizes=\"(max-width: 512px) 100vw, 512px\" \/><\/figure>\n\n\n\n<div style=\"height:80px\" aria-hidden=\"true\" class=\"wp-block-spacer\"><\/div>\n\n\n\n<p>Das Ziel des Best Day e.V. ist es m\u00f6glichst inklusiv zu sein. Wenn du konkrete Projektideen oder Anliegen hast, kannst du dich gerne bei uns melden: <strong><a href=\"mailto:anfrage@bestdayev.de\">anfrage@bestdayev.de<\/a><\/strong>.<\/p>\n\n\n\n<p>Wir unterst\u00fctzen folgende Vorhaben:<\/p>\n\n\n\n<ul class=\"wp-block-list\">\n<li>partizipative Workshops<\/li>\n\n\n\n<li>soziokulturelle Projekte<\/li>\n\n\n\n<li>Veranstaltungen zu gesellschaftlich relevanten Themen<\/li>\n\n\n\n<li>Film, Lesungen, Diskussionsveranstaltungen<\/li>\n\n\n\n<li>Stadtteilarbeit<\/li>\n\n\n\n<li>etc<\/li>\n<\/ul>\n\n\n\n<p>Wir freuen uns \u00fcber Anfragen und Vorschl\u00e4ge!<\/p>\n","protected":false},"excerpt":{"rendered":"<p>Das Ziel des Best Day e.V. ist es m\u00f6glichst inklusiv zu sein. Wenn du konkrete Projektideen oder Anliegen hast, kannst du dich gerne bei uns melden: anfrage@bestdayev.de. Wir unterst\u00fctzen folgende Vorhaben: Wir freuen uns \u00fcber Anfragen und Vorschl\u00e4ge!<\/p>\n","protected":false},"author":1,"featured_media":0,"parent":0,"menu_order":0,"comment_status":"closed","ping_status":"closed","template":"","meta":{"advgb_blocks_editor_width":"","advgb_blocks_columns_visual_guide":"","cybocfi_hide_featured_image":"","footnotes":""},"class_list":["post-249","page","type-page","status-publish","hentry"],"blocksy_meta":"","coauthors":[],"author_meta":{"author_link":"https:\/\/bestdayev.de\/bestdayev\/author\/admin\/","display_name":"admin"},"relative_dates":{"created":"Posted 3\u00a0Jahren ago","modified":"Updated 3\u00a0Jahren ago"},"absolute_dates":{"created":"Posted on 15. Oktober 2022","modified":"Updated on 5. Juni 2023"},"absolute_dates_time":{"created":"Posted on 15. Oktober 2022 13:15","modified":"Updated on 5. Juni 2023 23:44"},"featured_img_caption":"","featured_img":false,"series_order":"","_links":{"self":[{"href":"https:\/\/bestdayev.de\/bestdayev\/wp-json\/wp\/v2\/pages\/249","targetHints":{"allow":["GET"]}}],"collection":[{"href":"https:\/\/bestdayev.de\/bestdayev\/wp-json\/wp\/v2\/pages"}],"about":[{"href":"https:\/\/bestdayev.de\/bestdayev\/wp-json\/wp\/v2\/types\/page"}],"author":[{"embeddable":true,"href":"https:\/\/bestdayev.de\/bestdayev\/wp-json\/wp\/v2\/users\/1"}],"replies":[{"embeddable":true,"href":"https:\/\/bestdayev.de\/bestdayev\/wp-json\/wp\/v2\/comments?post=249"}],"version-history":[{"count":24,"href":"https:\/\/bestdayev.de\/bestdayev\/wp-json\/wp\/v2\/pages\/249\/revisions"}],"predecessor-version":[{"id":785,"href":"https:\/\/bestdayev.de\/bestdayev\/wp-json\/wp\/v2\/pages\/249\/revisions\/785"}],"wp:attachment":[{"href":"https:\/\/bestdayev.de\/bestdayev\/wp-json\/wp\/v2\/media?parent=249"}],"curies":[{"name":"wp","href":"https:\/\/api.w.org\/{rel}","templated":true}]}}