{"id":244,"date":"2022-10-14T15:00:25","date_gmt":"2022-10-14T13:00:25","guid":{"rendered":"https:\/\/bestdayev.de\/bestdayev\/?page_id=244"},"modified":"2024-01-06T13:03:26","modified_gmt":"2024-01-06T12:03:26","slug":"spenden-gesucht","status":"publish","type":"page","link":"https:\/\/bestdayev.de\/bestdayev\/spenden-gesucht\/","title":{"rendered":"Never Ending Best Day!"},"content":{"rendered":"\n<div style=\"height:30px\" aria-hidden=\"true\" class=\"wp-block-spacer\"><\/div>\n\n\n\n<figure class=\"wp-block-image aligncenter size-full is-resized\"><img decoding=\"async\" width=\"900\" height=\"901\" src=\"https:\/\/bestdayev.de\/bestdayev\/wp-content\/uploads\/2023\/01\/neverendingbestday_tr.png\" alt=\"\" class=\"wp-image-372\" style=\"width:350px\" srcset=\"https:\/\/bestdayev.de\/bestdayev\/wp-content\/uploads\/2023\/01\/neverendingbestday_tr.png 900w, https:\/\/bestdayev.de\/bestdayev\/wp-content\/uploads\/2023\/01\/neverendingbestday_tr-300x300.png 300w, https:\/\/bestdayev.de\/bestdayev\/wp-content\/uploads\/2023\/01\/neverendingbestday_tr-150x150.png 150w, https:\/\/bestdayev.de\/bestdayev\/wp-content\/uploads\/2023\/01\/neverendingbestday_tr-768x769.png 768w\" sizes=\"(max-width: 900px) 100vw, 900px\" \/><\/figure>\n\n\n\n<div style=\"height:80px\" aria-hidden=\"true\" class=\"wp-block-spacer\"><\/div>\n\n\n\n<p>Die meisten unserer Projekte werden aktuell j\u00e4hrlich bewilligt und gef\u00f6rdert. Der Hauptteil unserer Finanzierung besteht daher aus befristeten Projektmitteln, die einen Eigenanteil voraussetzen. Diesen Eigenanteil m\u00fcssen wir als Verein zus\u00e4tzlich einwerben. <\/p>\n\n\n\n<p>Zur Sicherung unserer Arbeit sind wir daher fortlaufend auf Spenden angewiesen &#8211; jeder kleine und gro\u00dfe Beitrag hilft uns, die laufenden und zuk\u00fcnftigen Projekte zu sichern.<\/p>\n\n\n\n<p>Spendet an folgendes Konto: <\/p>\n\n\n\n<p><strong>Best Day e.V. <\/strong><\/p>\n\n\n\n<p><strong>IBAN : DE83 1001 0010 0926 3961 03<\/strong><\/p>\n\n\n\n<p><strong>Betreff:<em> <\/em><\/strong><em><strong>Spende f\u00fcr den Best Day e.V.<\/strong><\/em><\/p>\n\n\n\n<p>Ihr k\u00f6nnt auch gerne f\u00fcr den Deutschkurs spenden. <\/p>\n\n\n\n<p>Dann verwendet bitte den Betreff <strong><em>&#8222;Spende f\u00fcr Eisideutsch&#8220;<\/em><\/strong><\/p>\n\n\n\n<p>R\u00fcckfragen und Bitten um Ausstellung einer Spendenquittung gerne per Mail an <a href=\"mailto:bestev97@protonmail.com\">bestev97@protonmail.com<\/a>.<\/p>\n\n\n\n<figure class=\"wp-block-image size-large\"><img decoding=\"async\" width=\"724\" height=\"1024\" src=\"https:\/\/bestdayev.de\/bestdayev\/wp-content\/uploads\/2023\/12\/2-2-724x1024.jpg\" alt=\"\" class=\"wp-image-929\" srcset=\"https:\/\/bestdayev.de\/bestdayev\/wp-content\/uploads\/2023\/12\/2-2-724x1024.jpg 724w, https:\/\/bestdayev.de\/bestdayev\/wp-content\/uploads\/2023\/12\/2-2-212x300.jpg 212w, https:\/\/bestdayev.de\/bestdayev\/wp-content\/uploads\/2023\/12\/2-2-768x1087.jpg 768w, https:\/\/bestdayev.de\/bestdayev\/wp-content\/uploads\/2023\/12\/2-2-1086x1536.jpg 1086w, https:\/\/bestdayev.de\/bestdayev\/wp-content\/uploads\/2023\/12\/2-2.jpg 1357w\" sizes=\"(max-width: 724px) 100vw, 724px\" \/><\/figure>\n\n\n\n<figure class=\"wp-block-image size-large\"><img decoding=\"async\" width=\"724\" height=\"1024\" src=\"https:\/\/bestdayev.de\/bestdayev\/wp-content\/uploads\/2023\/12\/1-724x1024.jpg\" alt=\"\" class=\"wp-image-930\" srcset=\"https:\/\/bestdayev.de\/bestdayev\/wp-content\/uploads\/2023\/12\/1-724x1024.jpg 724w, https:\/\/bestdayev.de\/bestdayev\/wp-content\/uploads\/2023\/12\/1-212x300.jpg 212w, https:\/\/bestdayev.de\/bestdayev\/wp-content\/uploads\/2023\/12\/1-768x1087.jpg 768w, https:\/\/bestdayev.de\/bestdayev\/wp-content\/uploads\/2023\/12\/1-1086x1536.jpg 1086w, https:\/\/bestdayev.de\/bestdayev\/wp-content\/uploads\/2023\/12\/1.jpg 1357w\" sizes=\"(max-width: 724px) 100vw, 724px\" \/><\/figure>\n","protected":false},"excerpt":{"rendered":"<p>Die meisten unserer Projekte werden aktuell j\u00e4hrlich bewilligt und gef\u00f6rdert. Der Hauptteil unserer Finanzierung besteht daher aus befristeten Projektmitteln, die einen Eigenanteil voraussetzen. Diesen Eigenanteil m\u00fcssen wir als Verein zus\u00e4tzlich einwerben. Zur Sicherung unserer Arbeit sind wir daher fortlaufend auf Spenden angewiesen &#8211; jeder kleine und gro\u00dfe Beitrag hilft uns, die laufenden und zuk\u00fcnftigen Projekte zu sichern. Spendet an folgendes Konto: Best Day e.V. IBAN : DE83 1001 0010 0926 3961 03 Betreff: Spende f\u00fcr den Best Day e.V. Ihr k\u00f6nnt auch gerne f\u00fcr den Deutschkurs spenden. Dann verwendet bitte den Betreff &#8222;Spende f\u00fcr Eisideutsch&#8220; R\u00fcckfragen und Bitten um Ausstellung\u2026<\/p>\n","protected":false},"author":1,"featured_media":0,"parent":0,"menu_order":0,"comment_status":"closed","ping_status":"closed","template":"","meta":{"advgb_blocks_editor_width":"","advgb_blocks_columns_visual_guide":"","cybocfi_hide_featured_image":"","footnotes":""},"class_list":["post-244","page","type-page","status-publish","hentry"],"blocksy_meta":"","coauthors":[],"author_meta":{"author_link":"https:\/\/bestdayev.de\/bestdayev\/author\/admin\/","display_name":"admin"},"relative_dates":{"created":"Posted 4\u00a0Jahren ago","modified":"Updated 2\u00a0Jahren ago"},"absolute_dates":{"created":"Posted on 14. Oktober 2022","modified":"Updated on 6. Januar 2024"},"absolute_dates_time":{"created":"Posted on 14. Oktober 2022 15:00","modified":"Updated on 6. Januar 2024 13:03"},"featured_img_caption":"","featured_img":false,"series_order":"","_links":{"self":[{"href":"https:\/\/bestdayev.de\/bestdayev\/wp-json\/wp\/v2\/pages\/244","targetHints":{"allow":["GET"]}}],"collection":[{"href":"https:\/\/bestdayev.de\/bestdayev\/wp-json\/wp\/v2\/pages"}],"about":[{"href":"https:\/\/bestdayev.de\/bestdayev\/wp-json\/wp\/v2\/types\/page"}],"author":[{"embeddable":true,"href":"https:\/\/bestdayev.de\/bestdayev\/wp-json\/wp\/v2\/users\/1"}],"replies":[{"embeddable":true,"href":"https:\/\/bestdayev.de\/bestdayev\/wp-json\/wp\/v2\/comments?post=244"}],"version-history":[{"count":18,"href":"https:\/\/bestdayev.de\/bestdayev\/wp-json\/wp\/v2\/pages\/244\/revisions"}],"predecessor-version":[{"id":985,"href":"https:\/\/bestdayev.de\/bestdayev\/wp-json\/wp\/v2\/pages\/244\/revisions\/985"}],"wp:attachment":[{"href":"https:\/\/bestdayev.de\/bestdayev\/wp-json\/wp\/v2\/media?parent=244"}],"curies":[{"name":"wp","href":"https:\/\/api.w.org\/{rel}","templated":true}]}}